{"id":159,"date":"2025-11-03T09:34:52","date_gmt":"2025-11-03T09:34:52","guid":{"rendered":"https:\/\/floofy-yoga.ch\/panier\/"},"modified":"2025-11-13T11:33:46","modified_gmt":"2025-11-13T11:33:46","slug":"panier","status":"publish","type":"page","link":"https:\/\/floofy-yoga.ch\/fr\/panier\/","title":{"rendered":"Panier"},"content":{"rendered":"<style>.elementor-159 .elementor-element.elementor-element-48430310{--display:flex;--min-height:300px;--flex-direction:column;--container-widget-width:calc( ( 1 - var( --container-widget-flex-grow ) ) * 100% );--container-widget-height:initial;--container-widget-flex-grow:0;--container-widget-align-self:initial;--flex-wrap-mobile:wrap;--justify-content:center;--align-items:center;border-style:solid;--border-style:solid;border-width:0px 0px 1px 0px;--border-top-width:0px;--border-right-width:0px;--border-bottom-width:1px;--border-left-width:0px;border-color:var( --e-global-color-30b3a6b );--border-color:var( --e-global-color-30b3a6b );--border-radius:0px 0px 0px 0px;--margin-top:0px;--margin-bottom:0px;--margin-left:0px;--margin-right:0px;--padding-top:0px;--padding-bottom:0px;--padding-left:0px;--padding-right:0px;}.elementor-159 .elementor-element.elementor-element-48430310:not(.elementor-motion-effects-element-type-background), .elementor-159 .elementor-element.elementor-element-48430310 > .elementor-motion-effects-container > .elementor-motion-effects-layer{background-color:var( --e-global-color-accent );}.elementor-159 .elementor-element.elementor-element-6fe0681e{--display:flex;--gap:10px 10px;--row-gap:10px;--column-gap:10px;--margin-top:0px;--margin-bottom:0px;--margin-left:0px;--margin-right:0px;}.elementor-159 .elementor-element.elementor-element-432201e5{text-align:center;}.elementor-159 .elementor-element.elementor-element-432201e5 .elementor-heading-title{font-family:var( --e-global-typography-primary-font-family ), Sans-serif;font-size:var( --e-global-typography-primary-font-size );font-weight:var( --e-global-typography-primary-font-weight );text-transform:var( --e-global-typography-primary-text-transform );text-decoration:var( --e-global-typography-primary-text-decoration );line-height:var( --e-global-typography-primary-line-height );color:var( --e-global-color-text );}.elementor-159 .elementor-element.elementor-element-30a72855{--display:flex;--margin-top:100px;--margin-bottom:100px;--margin-left:0px;--margin-right:0px;}.elementor-159 .elementor-element.elementor-element-c033e60{--display:flex;}.elementor-159 .elementor-element.elementor-element-08a411a{--update-cart-automatically-display:none;--sections-title-color:var( --e-global-color-text );--links-normal-color:var( --e-global-color-primary );--links-hover-color:var( --e-global-color-text );--sections-radio-buttons-color:var( --e-global-color-text );--order-summary-color:var( --e-global-color-text );--order-summary-variations-color:var( --e-global-color-text );--product-link-normal-color:var( --e-global-color-1c56811 );--checkout-button-border-radius:10px 10px 10px 10px;}.elementor-159 .elementor-element.elementor-element-08a411a .cart_totals h2{font-family:var( --e-global-typography-accent-font-family ), Sans-serif;font-size:var( --e-global-typography-accent-font-size );font-weight:var( --e-global-typography-accent-font-weight );text-transform:var( --e-global-typography-accent-text-transform );text-decoration:var( --e-global-typography-accent-text-decoration );line-height:var( --e-global-typography-accent-line-height );}.elementor-159 .elementor-element.elementor-element-08a411a {--sections-descriptions-color:var( --e-global-color-text );}.elementor-159 .elementor-element.elementor-element-08a411a .e-cart-content, .elementor-159 .elementor-element.elementor-element-08a411a .woocommerce-shipping-destination, .elementor-159 .elementor-element.elementor-element-08a411a .shipping-calculator-button{font-family:var( --e-global-typography-text-font-family ), Sans-serif;font-size:var( --e-global-typography-text-font-size );font-weight:var( --e-global-typography-text-font-weight );text-transform:var( --e-global-typography-text-text-transform );text-decoration:var( --e-global-typography-text-text-decoration );line-height:var( --e-global-typography-text-line-height );}.elementor-159 .elementor-element.elementor-element-08a411a .coupon .input-text, .elementor-159 .elementor-element.elementor-element-08a411a .cart-collaterals .input-text, .elementor-159 .elementor-element.elementor-element-08a411a select, .elementor-159 .elementor-element.elementor-element-08a411a .select2-selection--single{font-family:var( --e-global-typography-text-font-family ), Sans-serif;font-size:var( --e-global-typography-text-font-size );font-weight:var( --e-global-typography-text-font-weight );text-transform:var( --e-global-typography-text-text-transform );text-decoration:var( --e-global-typography-text-text-decoration );line-height:var( --e-global-typography-text-line-height );}.elementor-159 .elementor-element.elementor-element-08a411a .woocommerce-cart-form{--order-summary-title-color:var( --e-global-color-text );}.elementor-159 .elementor-element.elementor-element-08a411a .e-shop-table .cart th, .elementor-159 .elementor-element.elementor-element-08a411a .e-shop-table .cart td:before{font-family:var( --e-global-typography-ad84eac-font-family ), Sans-serif;font-size:var( --e-global-typography-ad84eac-font-size );font-weight:var( --e-global-typography-ad84eac-font-weight );text-transform:var( --e-global-typography-ad84eac-text-transform );text-decoration:var( --e-global-typography-ad84eac-text-decoration );line-height:var( --e-global-typography-ad84eac-line-height );letter-spacing:var( --e-global-typography-ad84eac-letter-spacing );word-spacing:var( --e-global-typography-ad84eac-word-spacing );}.elementor-159 .elementor-element.elementor-element-08a411a .woocommerce .wc-proceed-to-checkout .checkout-button{background-color:var( --e-global-color-primary );}:root{--page-title-display:none;}body.elementor-page-159:not(.elementor-motion-effects-element-type-background), body.elementor-page-159 > .elementor-motion-effects-container > .elementor-motion-effects-layer{background-color:var( --e-global-color-accent );}@media(max-width:1366px){.elementor-159 .elementor-element.elementor-element-432201e5 .elementor-heading-title{font-size:var( --e-global-typography-primary-font-size );line-height:var( --e-global-typography-primary-line-height );}.elementor-159 .elementor-element.elementor-element-08a411a .cart_totals h2{font-size:var( --e-global-typography-accent-font-size );line-height:var( --e-global-typography-accent-line-height );}.elementor-159 .elementor-element.elementor-element-08a411a .e-cart-content, .elementor-159 .elementor-element.elementor-element-08a411a .woocommerce-shipping-destination, .elementor-159 .elementor-element.elementor-element-08a411a .shipping-calculator-button{font-size:var( --e-global-typography-text-font-size );line-height:var( --e-global-typography-text-line-height );}.elementor-159 .elementor-element.elementor-element-08a411a .coupon .input-text, .elementor-159 .elementor-element.elementor-element-08a411a .cart-collaterals .input-text, .elementor-159 .elementor-element.elementor-element-08a411a select, .elementor-159 .elementor-element.elementor-element-08a411a .select2-selection--single{font-size:var( --e-global-typography-text-font-size );line-height:var( --e-global-typography-text-line-height );}.elementor-159 .elementor-element.elementor-element-08a411a .e-shop-table .cart th, .elementor-159 .elementor-element.elementor-element-08a411a .e-shop-table .cart td:before{font-size:var( --e-global-typography-ad84eac-font-size );line-height:var( --e-global-typography-ad84eac-line-height );letter-spacing:var( --e-global-typography-ad84eac-letter-spacing );word-spacing:var( --e-global-typography-ad84eac-word-spacing );}}@media(min-width:768px){.elementor-159 .elementor-element.elementor-element-48430310{--content-width:1290px;}.elementor-159 .elementor-element.elementor-element-6fe0681e{--content-width:1290px;}}@media(max-width:1024px){.elementor-159 .elementor-element.elementor-element-48430310{border-width:0px 0px 1px 0px;--border-top-width:0px;--border-right-width:0px;--border-bottom-width:1px;--border-left-width:0px;--padding-top:0px;--padding-bottom:10px;--padding-left:10px;--padding-right:10px;}.elementor-159 .elementor-element.elementor-element-432201e5 .elementor-heading-title{font-size:var( --e-global-typography-primary-font-size );line-height:var( --e-global-typography-primary-line-height );}.elementor-159 .elementor-element.elementor-element-08a411a .cart_totals h2{font-size:var( --e-global-typography-accent-font-size );line-height:var( --e-global-typography-accent-line-height );}.elementor-159 .elementor-element.elementor-element-08a411a .e-cart-content, .elementor-159 .elementor-element.elementor-element-08a411a .woocommerce-shipping-destination, .elementor-159 .elementor-element.elementor-element-08a411a .shipping-calculator-button{font-size:var( --e-global-typography-text-font-size );line-height:var( --e-global-typography-text-line-height );}.elementor-159 .elementor-element.elementor-element-08a411a .coupon .input-text, .elementor-159 .elementor-element.elementor-element-08a411a .cart-collaterals .input-text, .elementor-159 .elementor-element.elementor-element-08a411a select, .elementor-159 .elementor-element.elementor-element-08a411a .select2-selection--single{font-size:var( --e-global-typography-text-font-size );line-height:var( --e-global-typography-text-line-height );}.elementor-159 .elementor-element.elementor-element-08a411a .e-shop-table .cart th, .elementor-159 .elementor-element.elementor-element-08a411a .e-shop-table .cart td:before{font-size:var( --e-global-typography-ad84eac-font-size );line-height:var( --e-global-typography-ad84eac-line-height );letter-spacing:var( --e-global-typography-ad84eac-letter-spacing );word-spacing:var( --e-global-typography-ad84eac-word-spacing );}}@media(max-width:767px){.elementor-159 .elementor-element.elementor-element-48430310{--min-height:300px;}.elementor-159 .elementor-element.elementor-element-432201e5 .elementor-heading-title{font-size:var( --e-global-typography-primary-font-size );line-height:var( --e-global-typography-primary-line-height );}.elementor-159 .elementor-element.elementor-element-08a411a .cart_totals h2{font-size:var( --e-global-typography-accent-font-size );line-height:var( --e-global-typography-accent-line-height );}.elementor-159 .elementor-element.elementor-element-08a411a .e-cart-content, .elementor-159 .elementor-element.elementor-element-08a411a .woocommerce-shipping-destination, .elementor-159 .elementor-element.elementor-element-08a411a .shipping-calculator-button{font-size:var( --e-global-typography-text-font-size );line-height:var( --e-global-typography-text-line-height );}.elementor-159 .elementor-element.elementor-element-08a411a .coupon .input-text, .elementor-159 .elementor-element.elementor-element-08a411a .cart-collaterals .input-text, .elementor-159 .elementor-element.elementor-element-08a411a select, .elementor-159 .elementor-element.elementor-element-08a411a .select2-selection--single{font-size:var( --e-global-typography-text-font-size );line-height:var( --e-global-typography-text-line-height );}.elementor-159 .elementor-element.elementor-element-08a411a .e-shop-table .cart th, .elementor-159 .elementor-element.elementor-element-08a411a .e-shop-table .cart td:before{font-size:var( --e-global-typography-ad84eac-font-size );line-height:var( --e-global-typography-ad84eac-line-height );letter-spacing:var( --e-global-typography-ad84eac-letter-spacing );word-spacing:var( --e-global-typography-ad84eac-word-spacing );}}<\/style>\t\t<div data-elementor-type=\"wp-page\" data-elementor-id=\"159\" class=\"elementor elementor-159\" data-elementor-post-type=\"page\">\n\t\t\t\t<div class=\"elementor-element elementor-element-48430310 e-flex e-con-boxed e-con e-parent\" data-id=\"48430310\" data-element_type=\"container\" data-e-type=\"container\" data-settings=\"{&quot;background_background&quot;:&quot;classic&quot;}\">\n\t\t\t\t\t<div class=\"e-con-inner\">\n\t\t<div class=\"elementor-element elementor-element-6fe0681e e-flex e-con-boxed e-con e-child\" data-id=\"6fe0681e\" data-element_type=\"container\" data-e-type=\"container\">\n\t\t\t\t\t<div class=\"e-con-inner\">\n\t\t\t\t<div class=\"elementor-element elementor-element-432201e5 elementor-widget elementor-widget-heading\" data-id=\"432201e5\" data-element_type=\"widget\" data-e-type=\"widget\" data-widget_type=\"heading.default\">\n\t\t\t\t\t<h1 class=\"elementor-heading-title elementor-size-default\">Panier<\/h1>\t\t\t\t<\/div>\n\t\t\t\t\t<\/div>\n\t\t\t\t<\/div>\n\t\t\t\t\t<\/div>\n\t\t\t\t<\/div>\n\t\t<div class=\"elementor-element elementor-element-30a72855 e-flex e-con-boxed e-con e-parent\" data-id=\"30a72855\" data-element_type=\"container\" data-e-type=\"container\">\n\t\t\t\t\t<div class=\"e-con-inner\">\n\t\t<div class=\"elementor-element elementor-element-c033e60 e-con-full e-flex e-con e-child\" data-id=\"c033e60\" data-element_type=\"container\" data-e-type=\"container\">\n\t\t\t\t<\/div>\n\t\t\t\t\t<\/div>\n\t\t\t\t<\/div>\n\t\t\t\t<\/div>\n\t\t","protected":false},"excerpt":{"rendered":"<p>Panier Supprimer l\u2019\u00e9l\u00e9ment Miniature Produit Prix Quantit\u00e9 Sous-total &times; Bon &#8211; 2 cours &#67;&#72;&#70;&nbsp;180.00 quantit\u00e9 de Bon &#8211; 2 cours &#67;&#72;&#70;&nbsp;180.00 Totaux du panier Sous-total &#67;&#72;&#70;&nbsp;180.00 Total &#67;&#72;&#70;&nbsp;180.00 Passer la commande<\/p>\n","protected":false},"author":1,"featured_media":0,"parent":0,"menu_order":0,"comment_status":"closed","ping_status":"closed","template":"","meta":{"footnotes":""},"class_list":["post-159","page","type-page","status-publish","hentry"],"yoast_head":"<!-- This site is optimized with the Yoast SEO plugin v27.1 - https:\/\/yoast.com\/product\/yoast-seo-wordpress\/ -->\n<title>Panier - Floofy Yoga<\/title>\n<meta name=\"robots\" content=\"noindex, nofollow\" \/>\n<meta property=\"og:locale\" content=\"fr_FR\" \/>\n<meta property=\"og:type\" content=\"article\" \/>\n<meta property=\"og:title\" content=\"Panier - Floofy Yoga\" \/>\n<meta property=\"og:description\" content=\"Panier Supprimer l\u2019\u00e9l\u00e9ment Miniature Produit Prix Quantit\u00e9 Sous-total &times; Bon &#8211; 2 cours &#067;&#072;&#070;&nbsp;180.00 quantit\u00e9 de Bon &#8211; 2 cours &#067;&#072;&#070;&nbsp;180.00 Totaux du panier Sous-total &#067;&#072;&#070;&nbsp;180.00 Total &#067;&#072;&#070;&nbsp;180.00 Passer la commande\" \/>\n<meta property=\"og:url\" content=\"https:\/\/floofy-yoga.ch\/fr\/panier\/\" \/>\n<meta property=\"og:site_name\" content=\"Floofy Yoga\" \/>\n<meta property=\"article:modified_time\" content=\"2025-11-13T11:33:46+00:00\" \/>\n<meta property=\"og:image\" content=\"https:\/\/floofy-yoga.ch\/wp-content\/uploads\/2025\/10\/20253009_Floofies_Yoga_Logo_Floofy_Yoga_Icone_Couleur-300x300.png\" \/>\n<meta name=\"twitter:card\" content=\"summary_large_image\" \/>\n<meta name=\"twitter:label1\" content=\"Dur\u00e9e de lecture estim\u00e9e\" \/>\n\t<meta name=\"twitter:data1\" content=\"1 minute\" \/>\n<script type=\"application\/ld+json\" class=\"yoast-schema-graph\">{\"@context\":\"https:\/\/schema.org\",\"@graph\":[{\"@type\":\"WebPage\",\"@id\":\"https:\/\/floofy-yoga.ch\/panier\/\",\"url\":\"https:\/\/floofy-yoga.ch\/panier\/\",\"name\":\"Panier - Floofy Yoga\",\"isPartOf\":{\"@id\":\"https:\/\/floofy-yoga.ch\/#website\"},\"primaryImageOfPage\":{\"@id\":\"https:\/\/floofy-yoga.ch\/panier\/#primaryimage\"},\"image\":{\"@id\":\"https:\/\/floofy-yoga.ch\/panier\/#primaryimage\"},\"thumbnailUrl\":\"https:\/\/floofy-yoga.ch\/wp-content\/uploads\/2025\/10\/20253009_Floofies_Yoga_Logo_Floofy_Yoga_Icone_Couleur-300x300.png\",\"datePublished\":\"2025-11-03T09:34:52+00:00\",\"dateModified\":\"2025-11-13T11:33:46+00:00\",\"breadcrumb\":{\"@id\":\"https:\/\/floofy-yoga.ch\/panier\/#breadcrumb\"},\"inLanguage\":\"fr-FR\",\"potentialAction\":[{\"@type\":\"ReadAction\",\"target\":[\"https:\/\/floofy-yoga.ch\/panier\/\"]}]},{\"@type\":\"ImageObject\",\"inLanguage\":\"fr-FR\",\"@id\":\"https:\/\/floofy-yoga.ch\/panier\/#primaryimage\",\"url\":\"https:\/\/floofy-yoga.ch\/wp-content\/uploads\/2025\/10\/20253009_Floofies_Yoga_Logo_Floofy_Yoga_Icone_Couleur-300x300.png\",\"contentUrl\":\"https:\/\/floofy-yoga.ch\/wp-content\/uploads\/2025\/10\/20253009_Floofies_Yoga_Logo_Floofy_Yoga_Icone_Couleur-300x300.png\"},{\"@type\":\"BreadcrumbList\",\"@id\":\"https:\/\/floofy-yoga.ch\/panier\/#breadcrumb\",\"itemListElement\":[{\"@type\":\"ListItem\",\"position\":1,\"name\":\"Accueil\",\"item\":\"https:\/\/floofy-yoga.ch\/\"},{\"@type\":\"ListItem\",\"position\":2,\"name\":\"Panier\"}]},{\"@type\":\"WebSite\",\"@id\":\"https:\/\/floofy-yoga.ch\/#website\",\"url\":\"https:\/\/floofy-yoga.ch\/\",\"name\":\"Floofy Yoga\",\"description\":\"Joie sur le tapis, bien-\u00eatre avant tout.\",\"publisher\":{\"@id\":\"https:\/\/floofy-yoga.ch\/#organization\"},\"potentialAction\":[{\"@type\":\"SearchAction\",\"target\":{\"@type\":\"EntryPoint\",\"urlTemplate\":\"https:\/\/floofy-yoga.ch\/?s={search_term_string}\"},\"query-input\":{\"@type\":\"PropertyValueSpecification\",\"valueRequired\":true,\"valueName\":\"search_term_string\"}}],\"inLanguage\":\"fr-FR\"},{\"@type\":\"Organization\",\"@id\":\"https:\/\/floofy-yoga.ch\/#organization\",\"name\":\"Floofy Yoga\",\"url\":\"https:\/\/floofy-yoga.ch\/\",\"logo\":{\"@type\":\"ImageObject\",\"inLanguage\":\"fr-FR\",\"@id\":\"https:\/\/floofy-yoga.ch\/#\/schema\/logo\/image\/\",\"url\":\"https:\/\/floofy-yoga.ch\/wp-content\/uploads\/2025\/11\/cropped-20253009_Floofies_Yoga_Logo_Floofy_Yoga_Horizontal_Noir.png\",\"contentUrl\":\"https:\/\/floofy-yoga.ch\/wp-content\/uploads\/2025\/11\/cropped-20253009_Floofies_Yoga_Logo_Floofy_Yoga_Horizontal_Noir.png\",\"width\":792,\"height\":363,\"caption\":\"Floofy Yoga\"},\"image\":{\"@id\":\"https:\/\/floofy-yoga.ch\/#\/schema\/logo\/image\/\"},\"sameAs\":[\"https:\/\/instagram.com\/floofyyoga\/\"]}]}<\/script>\n<!-- \/ Yoast SEO plugin. -->","yoast_head_json":{"title":"Panier - Floofy Yoga","robots":{"index":"noindex","follow":"nofollow"},"og_locale":"fr_FR","og_type":"article","og_title":"Panier - Floofy Yoga","og_description":"Panier Supprimer l\u2019\u00e9l\u00e9ment Miniature Produit Prix Quantit\u00e9 Sous-total &times; Bon &#8211; 2 cours &#67;&#72;&#70;&nbsp;180.00 quantit\u00e9 de Bon &#8211; 2 cours &#67;&#72;&#70;&nbsp;180.00 Totaux du panier Sous-total &#67;&#72;&#70;&nbsp;180.00 Total &#67;&#72;&#70;&nbsp;180.00 Passer la commande","og_url":"https:\/\/floofy-yoga.ch\/fr\/panier\/","og_site_name":"Floofy Yoga","article_modified_time":"2025-11-13T11:33:46+00:00","og_image":[{"url":"https:\/\/floofy-yoga.ch\/wp-content\/uploads\/2025\/10\/20253009_Floofies_Yoga_Logo_Floofy_Yoga_Icone_Couleur-300x300.png","type":"","width":"","height":""}],"twitter_card":"summary_large_image","twitter_misc":{"Dur\u00e9e de lecture estim\u00e9e":"1 minute"},"schema":{"@context":"https:\/\/schema.org","@graph":[{"@type":"WebPage","@id":"https:\/\/floofy-yoga.ch\/panier\/","url":"https:\/\/floofy-yoga.ch\/panier\/","name":"Panier - Floofy Yoga","isPartOf":{"@id":"https:\/\/floofy-yoga.ch\/#website"},"primaryImageOfPage":{"@id":"https:\/\/floofy-yoga.ch\/panier\/#primaryimage"},"image":{"@id":"https:\/\/floofy-yoga.ch\/panier\/#primaryimage"},"thumbnailUrl":"https:\/\/floofy-yoga.ch\/wp-content\/uploads\/2025\/10\/20253009_Floofies_Yoga_Logo_Floofy_Yoga_Icone_Couleur-300x300.png","datePublished":"2025-11-03T09:34:52+00:00","dateModified":"2025-11-13T11:33:46+00:00","breadcrumb":{"@id":"https:\/\/floofy-yoga.ch\/panier\/#breadcrumb"},"inLanguage":"fr-FR","potentialAction":[{"@type":"ReadAction","target":["https:\/\/floofy-yoga.ch\/panier\/"]}]},{"@type":"ImageObject","inLanguage":"fr-FR","@id":"https:\/\/floofy-yoga.ch\/panier\/#primaryimage","url":"https:\/\/floofy-yoga.ch\/wp-content\/uploads\/2025\/10\/20253009_Floofies_Yoga_Logo_Floofy_Yoga_Icone_Couleur-300x300.png","contentUrl":"https:\/\/floofy-yoga.ch\/wp-content\/uploads\/2025\/10\/20253009_Floofies_Yoga_Logo_Floofy_Yoga_Icone_Couleur-300x300.png"},{"@type":"BreadcrumbList","@id":"https:\/\/floofy-yoga.ch\/panier\/#breadcrumb","itemListElement":[{"@type":"ListItem","position":1,"name":"Accueil","item":"https:\/\/floofy-yoga.ch\/"},{"@type":"ListItem","position":2,"name":"Panier"}]},{"@type":"WebSite","@id":"https:\/\/floofy-yoga.ch\/#website","url":"https:\/\/floofy-yoga.ch\/","name":"Floofy Yoga","description":"Joie sur le tapis, bien-\u00eatre avant tout.","publisher":{"@id":"https:\/\/floofy-yoga.ch\/#organization"},"potentialAction":[{"@type":"SearchAction","target":{"@type":"EntryPoint","urlTemplate":"https:\/\/floofy-yoga.ch\/?s={search_term_string}"},"query-input":{"@type":"PropertyValueSpecification","valueRequired":true,"valueName":"search_term_string"}}],"inLanguage":"fr-FR"},{"@type":"Organization","@id":"https:\/\/floofy-yoga.ch\/#organization","name":"Floofy Yoga","url":"https:\/\/floofy-yoga.ch\/","logo":{"@type":"ImageObject","inLanguage":"fr-FR","@id":"https:\/\/floofy-yoga.ch\/#\/schema\/logo\/image\/","url":"https:\/\/floofy-yoga.ch\/wp-content\/uploads\/2025\/11\/cropped-20253009_Floofies_Yoga_Logo_Floofy_Yoga_Horizontal_Noir.png","contentUrl":"https:\/\/floofy-yoga.ch\/wp-content\/uploads\/2025\/11\/cropped-20253009_Floofies_Yoga_Logo_Floofy_Yoga_Horizontal_Noir.png","width":792,"height":363,"caption":"Floofy Yoga"},"image":{"@id":"https:\/\/floofy-yoga.ch\/#\/schema\/logo\/image\/"},"sameAs":["https:\/\/instagram.com\/floofyyoga\/"]}]}},"_links":{"self":[{"href":"https:\/\/floofy-yoga.ch\/fr\/wp-json\/wp\/v2\/pages\/159","targetHints":{"allow":["GET"]}}],"collection":[{"href":"https:\/\/floofy-yoga.ch\/fr\/wp-json\/wp\/v2\/pages"}],"about":[{"href":"https:\/\/floofy-yoga.ch\/fr\/wp-json\/wp\/v2\/types\/page"}],"author":[{"embeddable":true,"href":"https:\/\/floofy-yoga.ch\/fr\/wp-json\/wp\/v2\/users\/1"}],"replies":[{"embeddable":true,"href":"https:\/\/floofy-yoga.ch\/fr\/wp-json\/wp\/v2\/comments?post=159"}],"version-history":[{"count":19,"href":"https:\/\/floofy-yoga.ch\/fr\/wp-json\/wp\/v2\/pages\/159\/revisions"}],"predecessor-version":[{"id":764,"href":"https:\/\/floofy-yoga.ch\/fr\/wp-json\/wp\/v2\/pages\/159\/revisions\/764"}],"wp:attachment":[{"href":"https:\/\/floofy-yoga.ch\/fr\/wp-json\/wp\/v2\/media?parent=159"}],"curies":[{"name":"wp","href":"https:\/\/api.w.org\/{rel}","templated":true}]}}