{"id":1021,"date":"2025-12-01T14:50:43","date_gmt":"2025-12-01T14:50:43","guid":{"rendered":"https:\/\/floofy-yoga.ch\/?post_type=product&#038;p=1021"},"modified":"2025-12-01T14:53:38","modified_gmt":"2025-12-01T14:53:38","slug":"bon-1-cours-avec-votre-chien","status":"publish","type":"product","link":"https:\/\/floofy-yoga.ch\/fr\/produit\/bon-1-cours-avec-votre-chien\/","title":{"rendered":"Bon &#8211; 1 cours avec votre chien"},"content":{"rendered":"<p>Vous recevrez un code \u00e0 utiliser dans le formulaire de r\u00e9servation. Valable pour 1 cours avec votre chien. Valide 1 an \u00e0 partir de la date d&rsquo;achat.<\/p>\n","protected":false},"excerpt":{"rendered":"<p>Vous recevrez un code \u00e0 utiliser dans le formulaire de r\u00e9servation. Valable pour 1 cours. Valide 1 an \u00e0 partir de la date d&rsquo;achat.<\/p>\n","protected":false},"featured_media":247,"template":"","meta":[],"product_brand":[],"product_cat":[24],"product_tag":[],"class_list":{"0":"post-1021","1":"product","2":"type-product","3":"status-publish","4":"has-post-thumbnail","6":"product_cat-bon-pour-cours","8":"first","9":"instock","10":"virtual","11":"purchasable","12":"product-type-simple"},"yoast_head":"<!-- This site is optimized with the Yoast SEO plugin v27.1 - https:\/\/yoast.com\/product\/yoast-seo-wordpress\/ -->\n<title>Bon - 1 cours avec votre chien - Floofy Yoga<\/title>\n<meta name=\"robots\" content=\"noindex, nofollow\" \/>\n<meta property=\"og:locale\" content=\"fr_FR\" \/>\n<meta property=\"og:type\" content=\"article\" \/>\n<meta property=\"og:title\" content=\"Bon - 1 cours avec votre chien - Floofy Yoga\" \/>\n<meta property=\"og:description\" content=\"Vous recevrez un code \u00e0 utiliser dans le formulaire de r\u00e9servation. Valable pour 1 cours. Valide 1 an \u00e0 partir de la date d&#039;achat.\" \/>\n<meta property=\"og:url\" content=\"https:\/\/floofy-yoga.ch\/fr\/produit\/bon-1-cours-avec-votre-chien\/\" \/>\n<meta property=\"og:site_name\" content=\"Floofy Yoga\" \/>\n<meta property=\"article:modified_time\" content=\"2025-12-01T14:53:38+00:00\" \/>\n<meta property=\"og:image\" content=\"https:\/\/floofy-yoga.ch\/wp-content\/uploads\/2025\/10\/20253009_Floofies_Yoga_Logo_Floofy_Yoga_Icone_Couleur.png\" \/>\n\t<meta property=\"og:image:width\" content=\"792\" \/>\n\t<meta property=\"og:image:height\" content=\"776\" \/>\n\t<meta property=\"og:image:type\" content=\"image\/png\" \/>\n<meta name=\"twitter:card\" content=\"summary_large_image\" \/>\n<meta name=\"twitter:label1\" content=\"Dur\u00e9e de lecture estim\u00e9e\" \/>\n\t<meta name=\"twitter:data1\" content=\"1 minute\" \/>\n<script type=\"application\/ld+json\" class=\"yoast-schema-graph\">{\"@context\":\"https:\/\/schema.org\",\"@graph\":[{\"@type\":\"WebPage\",\"@id\":\"https:\/\/floofy-yoga.ch\/produit\/bon-1-cours-avec-votre-chien\/\",\"url\":\"https:\/\/floofy-yoga.ch\/produit\/bon-1-cours-avec-votre-chien\/\",\"name\":\"Bon - 1 cours avec votre chien - Floofy Yoga\",\"isPartOf\":{\"@id\":\"https:\/\/floofy-yoga.ch\/#website\"},\"primaryImageOfPage\":{\"@id\":\"https:\/\/floofy-yoga.ch\/produit\/bon-1-cours-avec-votre-chien\/#primaryimage\"},\"image\":{\"@id\":\"https:\/\/floofy-yoga.ch\/produit\/bon-1-cours-avec-votre-chien\/#primaryimage\"},\"thumbnailUrl\":\"https:\/\/floofy-yoga.ch\/wp-content\/uploads\/2025\/10\/20253009_Floofies_Yoga_Logo_Floofy_Yoga_Icone_Couleur.png\",\"datePublished\":\"2025-12-01T14:50:43+00:00\",\"dateModified\":\"2025-12-01T14:53:38+00:00\",\"breadcrumb\":{\"@id\":\"https:\/\/floofy-yoga.ch\/produit\/bon-1-cours-avec-votre-chien\/#breadcrumb\"},\"inLanguage\":\"fr-FR\",\"potentialAction\":[{\"@type\":\"ReadAction\",\"target\":[\"https:\/\/floofy-yoga.ch\/produit\/bon-1-cours-avec-votre-chien\/\"]}]},{\"@type\":\"ImageObject\",\"inLanguage\":\"fr-FR\",\"@id\":\"https:\/\/floofy-yoga.ch\/produit\/bon-1-cours-avec-votre-chien\/#primaryimage\",\"url\":\"https:\/\/floofy-yoga.ch\/wp-content\/uploads\/2025\/10\/20253009_Floofies_Yoga_Logo_Floofy_Yoga_Icone_Couleur.png\",\"contentUrl\":\"https:\/\/floofy-yoga.ch\/wp-content\/uploads\/2025\/10\/20253009_Floofies_Yoga_Logo_Floofy_Yoga_Icone_Couleur.png\",\"width\":792,\"height\":776,\"caption\":\"Favicon Floofy Yoga\"},{\"@type\":\"BreadcrumbList\",\"@id\":\"https:\/\/floofy-yoga.ch\/produit\/bon-1-cours-avec-votre-chien\/#breadcrumb\",\"itemListElement\":[{\"@type\":\"ListItem\",\"position\":1,\"name\":\"Accueil\",\"item\":\"https:\/\/floofy-yoga.ch\/\"},{\"@type\":\"ListItem\",\"position\":2,\"name\":\"Boutique\",\"item\":\"https:\/\/floofy-yoga.ch\/boutique\/\"},{\"@type\":\"ListItem\",\"position\":3,\"name\":\"Bon &#8211; 1 cours avec votre chien\"}]},{\"@type\":\"WebSite\",\"@id\":\"https:\/\/floofy-yoga.ch\/#website\",\"url\":\"https:\/\/floofy-yoga.ch\/\",\"name\":\"Floofy Yoga\",\"description\":\"Joie sur le tapis, bien-\u00eatre avant tout.\",\"publisher\":{\"@id\":\"https:\/\/floofy-yoga.ch\/#organization\"},\"potentialAction\":[{\"@type\":\"SearchAction\",\"target\":{\"@type\":\"EntryPoint\",\"urlTemplate\":\"https:\/\/floofy-yoga.ch\/?s={search_term_string}\"},\"query-input\":{\"@type\":\"PropertyValueSpecification\",\"valueRequired\":true,\"valueName\":\"search_term_string\"}}],\"inLanguage\":\"fr-FR\"},{\"@type\":\"Organization\",\"@id\":\"https:\/\/floofy-yoga.ch\/#organization\",\"name\":\"Floofy Yoga\",\"url\":\"https:\/\/floofy-yoga.ch\/\",\"logo\":{\"@type\":\"ImageObject\",\"inLanguage\":\"fr-FR\",\"@id\":\"https:\/\/floofy-yoga.ch\/#\/schema\/logo\/image\/\",\"url\":\"https:\/\/floofy-yoga.ch\/wp-content\/uploads\/2025\/11\/cropped-20253009_Floofies_Yoga_Logo_Floofy_Yoga_Horizontal_Noir.png\",\"contentUrl\":\"https:\/\/floofy-yoga.ch\/wp-content\/uploads\/2025\/11\/cropped-20253009_Floofies_Yoga_Logo_Floofy_Yoga_Horizontal_Noir.png\",\"width\":792,\"height\":363,\"caption\":\"Floofy Yoga\"},\"image\":{\"@id\":\"https:\/\/floofy-yoga.ch\/#\/schema\/logo\/image\/\"},\"sameAs\":[\"https:\/\/instagram.com\/floofyyoga\/\"]}]}<\/script>\n<!-- \/ Yoast SEO plugin. -->","yoast_head_json":{"title":"Bon - 1 cours avec votre chien - Floofy Yoga","robots":{"index":"noindex","follow":"nofollow"},"og_locale":"fr_FR","og_type":"article","og_title":"Bon - 1 cours avec votre chien - Floofy Yoga","og_description":"Vous recevrez un code \u00e0 utiliser dans le formulaire de r\u00e9servation. Valable pour 1 cours. Valide 1 an \u00e0 partir de la date d'achat.","og_url":"https:\/\/floofy-yoga.ch\/fr\/produit\/bon-1-cours-avec-votre-chien\/","og_site_name":"Floofy Yoga","article_modified_time":"2025-12-01T14:53:38+00:00","og_image":[{"width":792,"height":776,"url":"https:\/\/floofy-yoga.ch\/wp-content\/uploads\/2025\/10\/20253009_Floofies_Yoga_Logo_Floofy_Yoga_Icone_Couleur.png","type":"image\/png"}],"twitter_card":"summary_large_image","twitter_misc":{"Dur\u00e9e de lecture estim\u00e9e":"1 minute"},"schema":{"@context":"https:\/\/schema.org","@graph":[{"@type":"WebPage","@id":"https:\/\/floofy-yoga.ch\/produit\/bon-1-cours-avec-votre-chien\/","url":"https:\/\/floofy-yoga.ch\/produit\/bon-1-cours-avec-votre-chien\/","name":"Bon - 1 cours avec votre chien - Floofy Yoga","isPartOf":{"@id":"https:\/\/floofy-yoga.ch\/#website"},"primaryImageOfPage":{"@id":"https:\/\/floofy-yoga.ch\/produit\/bon-1-cours-avec-votre-chien\/#primaryimage"},"image":{"@id":"https:\/\/floofy-yoga.ch\/produit\/bon-1-cours-avec-votre-chien\/#primaryimage"},"thumbnailUrl":"https:\/\/floofy-yoga.ch\/wp-content\/uploads\/2025\/10\/20253009_Floofies_Yoga_Logo_Floofy_Yoga_Icone_Couleur.png","datePublished":"2025-12-01T14:50:43+00:00","dateModified":"2025-12-01T14:53:38+00:00","breadcrumb":{"@id":"https:\/\/floofy-yoga.ch\/produit\/bon-1-cours-avec-votre-chien\/#breadcrumb"},"inLanguage":"fr-FR","potentialAction":[{"@type":"ReadAction","target":["https:\/\/floofy-yoga.ch\/produit\/bon-1-cours-avec-votre-chien\/"]}]},{"@type":"ImageObject","inLanguage":"fr-FR","@id":"https:\/\/floofy-yoga.ch\/produit\/bon-1-cours-avec-votre-chien\/#primaryimage","url":"https:\/\/floofy-yoga.ch\/wp-content\/uploads\/2025\/10\/20253009_Floofies_Yoga_Logo_Floofy_Yoga_Icone_Couleur.png","contentUrl":"https:\/\/floofy-yoga.ch\/wp-content\/uploads\/2025\/10\/20253009_Floofies_Yoga_Logo_Floofy_Yoga_Icone_Couleur.png","width":792,"height":776,"caption":"Favicon Floofy Yoga"},{"@type":"BreadcrumbList","@id":"https:\/\/floofy-yoga.ch\/produit\/bon-1-cours-avec-votre-chien\/#breadcrumb","itemListElement":[{"@type":"ListItem","position":1,"name":"Accueil","item":"https:\/\/floofy-yoga.ch\/"},{"@type":"ListItem","position":2,"name":"Boutique","item":"https:\/\/floofy-yoga.ch\/boutique\/"},{"@type":"ListItem","position":3,"name":"Bon &#8211; 1 cours avec votre chien"}]},{"@type":"WebSite","@id":"https:\/\/floofy-yoga.ch\/#website","url":"https:\/\/floofy-yoga.ch\/","name":"Floofy Yoga","description":"Joie sur le tapis, bien-\u00eatre avant tout.","publisher":{"@id":"https:\/\/floofy-yoga.ch\/#organization"},"potentialAction":[{"@type":"SearchAction","target":{"@type":"EntryPoint","urlTemplate":"https:\/\/floofy-yoga.ch\/?s={search_term_string}"},"query-input":{"@type":"PropertyValueSpecification","valueRequired":true,"valueName":"search_term_string"}}],"inLanguage":"fr-FR"},{"@type":"Organization","@id":"https:\/\/floofy-yoga.ch\/#organization","name":"Floofy Yoga","url":"https:\/\/floofy-yoga.ch\/","logo":{"@type":"ImageObject","inLanguage":"fr-FR","@id":"https:\/\/floofy-yoga.ch\/#\/schema\/logo\/image\/","url":"https:\/\/floofy-yoga.ch\/wp-content\/uploads\/2025\/11\/cropped-20253009_Floofies_Yoga_Logo_Floofy_Yoga_Horizontal_Noir.png","contentUrl":"https:\/\/floofy-yoga.ch\/wp-content\/uploads\/2025\/11\/cropped-20253009_Floofies_Yoga_Logo_Floofy_Yoga_Horizontal_Noir.png","width":792,"height":363,"caption":"Floofy Yoga"},"image":{"@id":"https:\/\/floofy-yoga.ch\/#\/schema\/logo\/image\/"},"sameAs":["https:\/\/instagram.com\/floofyyoga\/"]}]}},"_links":{"self":[{"href":"https:\/\/floofy-yoga.ch\/fr\/wp-json\/wp\/v2\/product\/1021","targetHints":{"allow":["GET"]}}],"collection":[{"href":"https:\/\/floofy-yoga.ch\/fr\/wp-json\/wp\/v2\/product"}],"about":[{"href":"https:\/\/floofy-yoga.ch\/fr\/wp-json\/wp\/v2\/types\/product"}],"version-history":[{"count":1,"href":"https:\/\/floofy-yoga.ch\/fr\/wp-json\/wp\/v2\/product\/1021\/revisions"}],"predecessor-version":[{"id":1022,"href":"https:\/\/floofy-yoga.ch\/fr\/wp-json\/wp\/v2\/product\/1021\/revisions\/1022"}],"wp:featuredmedia":[{"embeddable":true,"href":"https:\/\/floofy-yoga.ch\/fr\/wp-json\/wp\/v2\/media\/247"}],"wp:attachment":[{"href":"https:\/\/floofy-yoga.ch\/fr\/wp-json\/wp\/v2\/media?parent=1021"}],"wp:term":[{"taxonomy":"product_brand","embeddable":true,"href":"https:\/\/floofy-yoga.ch\/fr\/wp-json\/wp\/v2\/product_brand?post=1021"},{"taxonomy":"product_cat","embeddable":true,"href":"https:\/\/floofy-yoga.ch\/fr\/wp-json\/wp\/v2\/product_cat?post=1021"},{"taxonomy":"product_tag","embeddable":true,"href":"https:\/\/floofy-yoga.ch\/fr\/wp-json\/wp\/v2\/product_tag?post=1021"}],"curies":[{"name":"wp","href":"https:\/\/api.w.org\/{rel}","templated":true}]}}